{"id":347,"date":"2025-07-16T11:21:34","date_gmt":"2025-07-16T11:21:34","guid":{"rendered":"https:\/\/www.saenengineering.com\/?post_type=product&#038;p=347"},"modified":"2025-12-12T12:44:20","modified_gmt":"2025-12-12T12:44:20","slug":"vrvd","status":"publish","type":"product","link":"https:\/\/www.saenengineering.com\/nl\/product\/vrvd\/","title":{"rendered":"VRVD &#8211; Vertical Radiant Vacuum Dryer"},"content":{"rendered":"<p>Vertical Radiant Vacuum Dryer (VRVD)\u2014a groundbreaking solution for drying of plastic granulates. Designed to operate under vacuum with infrared radiation, the VRVD delivers ultra-fast, energy-efficient drying with minimal thermal stress on materials.<\/p>\n<p>De energiebesparing van de VRVD resulteert doorgaans in een terugverdientijd van slechts \u00e9\u00e9n jaar. Dit maakt het een uitzonderlijke keuze voor kunststofproducenten die hun energie-effici\u00ebntie en duurzaamheid willen verbeteren.<br \/>\nHet systeem is compact, modulair en ontworpen voor naadloze integratie in spuitgiet-, extrusie-, compounding- en recyclinglijnen.<\/p>\n<p>Of u nu nieuwe polymeren, masterbatches of maalgoed droogt, de droogsystemen van Saen Engineering zorgen voor constante kwaliteit, lagere operationele kosten en toekomstbestendige prestaties.<\/p>","protected":false},"excerpt":{"rendered":"<p>Vacu\u00fcm-infrarooddroger voor kunststoffen<\/p>","protected":false},"featured_media":356,"template":"","class_list":["post-347","product","type-product","status-publish","has-post-thumbnail","hentry"],"acf":[],"_links":{"self":[{"href":"https:\/\/www.saenengineering.com\/nl\/wp-json\/wp\/v2\/product\/347","targetHints":{"allow":["GET"]}}],"collection":[{"href":"https:\/\/www.saenengineering.com\/nl\/wp-json\/wp\/v2\/product"}],"about":[{"href":"https:\/\/www.saenengineering.com\/nl\/wp-json\/wp\/v2\/types\/product"}],"wp:featuredmedia":[{"embeddable":true,"href":"https:\/\/www.saenengineering.com\/nl\/wp-json\/wp\/v2\/media\/356"}],"wp:attachment":[{"href":"https:\/\/www.saenengineering.com\/nl\/wp-json\/wp\/v2\/media?parent=347"}],"curies":[{"name":"wp","href":"https:\/\/api.w.org\/{rel}","templated":true}]}}